{"id":10,"date":"2026-03-05T17:13:35","date_gmt":"2026-03-05T17:13:35","guid":{"rendered":"https:\/\/verdolaga.manzanapostobon.com\/?page_id=10"},"modified":"2026-03-09T19:00:39","modified_gmt":"2026-03-09T19:00:39","slug":"home","status":"publish","type":"page","link":"https:\/\/verdolaga.manzanapostobon.com\/","title":{"rendered":"Home"},"content":{"rendered":"\n\n\n\n\n\n\n\n\n\n\n\n\n\n\n\n\n\n\n<div class=\"wpforms_divi_form_selector_0 wpforms_divi_form_selector et_pb_module\"><div class=\"et_pb_module_inner\"><style id=\"wpforms-css-vars-29\">\n\t\t\t\t#wpforms-29 {\n\t\t\t\t--wpforms-field-size-input-height: 43px;\n--wpforms-field-size-input-spacing: 15px;\n--wpforms-field-size-font-size: 16px;\n--wpforms-field-size-line-height: 19px;\n--wpforms-field-size-padding-h: 14px;\n--wpforms-field-size-checkbox-size: 16px;\n--wpforms-field-size-sublabel-spacing: 5px;\n--wpforms-field-size-icon-size: 1;\n--wpforms-label-size-font-size: 16px;\n--wpforms-label-size-line-height: 19px;\n--wpforms-label-size-sublabel-font-size: 14px;\n--wpforms-label-size-sublabel-line-height: 17px;\n--wpforms-button-size-font-size: 17px;\n--wpforms-button-size-height: 41px;\n--wpforms-button-size-padding-h: 15px;\n--wpforms-button-size-margin-top: 10px;\n--wpforms-container-shadow-size-box-shadow: none;\n\t\t\t}\n\t\t\t<\/style><div class=\"wpforms-container wpforms-container-full wpforms-render-modern\" id=\"wpforms-29\"><form id=\"wpforms-form-29\" class=\"wpforms-validate wpforms-form wpforms-ajax-form\" data-formid=\"29\" method=\"post\" enctype=\"multipart\/form-data\" action=\"\/index.php?rest_route=%2Fwp%2Fv2%2Fpages%2F10\" data-token=\"dd4081afff31a4c08cf7b27a0dce4805\" data-token-time=\"1777932546\"><noscript class=\"wpforms-error-noscript\">Por favor, activa JavaScript en tu navegador para completar este formulario.<\/noscript><div id=\"wpforms-error-noscript\" style=\"display: none;\">Por favor, activa JavaScript en tu navegador para completar este formulario.<\/div><div class=\"wpforms-field-container\"><div id=\"wpforms-29-field_1-container\" class=\"wpforms-field wpforms-field-name\" data-field-id=\"1\"><label class=\"wpforms-field-label wpforms-label-hide\" for=\"wpforms-29-field_1\" aria-hidden=\"false\">Nombre completo <span class=\"wpforms-required-label\" aria-hidden=\"true\">*<\/span><\/label><input type=\"text\" id=\"wpforms-29-field_1\" class=\"wpforms-field-large wpforms-field-required\" name=\"wpforms[fields][1]\" placeholder=\"Nombre completo\" aria-errormessage=\"wpforms-29-field_1-error\" required><\/div><div id=\"wpforms-29-field_2-container\" class=\"wpforms-field wpforms-field-number\" data-field-id=\"2\"><label class=\"wpforms-field-label wpforms-label-hide\" for=\"wpforms-29-field_2\" aria-hidden=\"false\">C\u00e9dula <span class=\"wpforms-required-label\" aria-hidden=\"true\">*<\/span><\/label><input type=\"number\" id=\"wpforms-29-field_2\" class=\"wpforms-field-large wpforms-field-required\" name=\"wpforms[fields][2]\" placeholder=\"C\u00e9dula\" step=\"any\" aria-errormessage=\"wpforms-29-field_2-error\" required><\/div><div id=\"wpforms-29-field_3-container\" class=\"wpforms-field wpforms-field-phone\" data-field-id=\"3\"><label class=\"wpforms-field-label wpforms-label-hide\" for=\"wpforms-29-field_3\" aria-hidden=\"false\">Celular <span class=\"wpforms-required-label\" aria-hidden=\"true\">*<\/span><\/label><input type=\"tel\" id=\"wpforms-29-field_3\" class=\"wpforms-field-large wpforms-field-required\" data-rule-int-phone-field=\"true\" name=\"wpforms[fields][3]\" placeholder=\"Celular\" aria-label=\"Celular\" aria-errormessage=\"wpforms-29-field_3-error\" required><\/div><div id=\"wpforms-29-field_4-container\" class=\"wpforms-field wpforms-field-email\" data-field-id=\"4\"><label class=\"wpforms-field-label wpforms-label-hide\" for=\"wpforms-29-field_4\" aria-hidden=\"false\">Correo electr\u00f3nico <span class=\"wpforms-required-label\" aria-hidden=\"true\">*<\/span><\/label><input type=\"email\" id=\"wpforms-29-field_4\" class=\"wpforms-field-large wpforms-field-required\" name=\"wpforms[fields][4]\" placeholder=\"Correo electr\u00f3nico\" spellcheck=\"false\" aria-errormessage=\"wpforms-29-field_4-error\" required><\/div><div id=\"wpforms-29-field_5-container\" class=\"wpforms-field wpforms-field-text\" data-field-id=\"5\"><label class=\"wpforms-field-label wpforms-label-hide\" for=\"wpforms-29-field_5\" aria-hidden=\"false\">Ciudad <span class=\"wpforms-required-label\" aria-hidden=\"true\">*<\/span><\/label><input type=\"text\" id=\"wpforms-29-field_5\" class=\"wpforms-field-large wpforms-field-required\" name=\"wpforms[fields][5]\" placeholder=\"Ciudad\" aria-errormessage=\"wpforms-29-field_5-error\" required><\/div>\t\t<div id=\"wpforms-29-field_10-container\"\n\t\t\tclass=\"wpforms-field wpforms-field-text\"\n\t\t\tdata-field-type=\"text\"\n\t\t\tdata-field-id=\"10\"\n\t\t\t>\n\t\t\t<label class=\"wpforms-field-label\" for=\"wpforms-29-field_10\" >Celular condiciones y<\/label>\n\t\t\t<input type=\"text\" id=\"wpforms-29-field_10\" class=\"wpforms-field-medium\" name=\"wpforms[fields][10]\" >\n\t\t<\/div>\n\t\t<div id=\"wpforms-29-field_6-container\" class=\"wpforms-field wpforms-field-text\" data-field-id=\"6\"><label class=\"wpforms-field-label wpforms-label-hide\" for=\"wpforms-29-field_6\" aria-hidden=\"false\">Barrio <span class=\"wpforms-required-label\" aria-hidden=\"true\">*<\/span><\/label><input type=\"text\" id=\"wpforms-29-field_6\" class=\"wpforms-field-large wpforms-field-required\" name=\"wpforms[fields][6]\" placeholder=\"Barrio\" aria-errormessage=\"wpforms-29-field_6-error\" required><\/div><div id=\"wpforms-29-field_7-container\" class=\"wpforms-field wpforms-field-textarea\" data-field-id=\"7\"><label class=\"wpforms-field-label wpforms-label-hide\" for=\"wpforms-29-field_7\" aria-hidden=\"false\">Mensaje <span class=\"wpforms-required-label\" aria-hidden=\"true\">*<\/span><\/label><textarea id=\"wpforms-29-field_7\" class=\"wpforms-field-medium wpforms-field-required\" name=\"wpforms[fields][7]\" placeholder=\"Si la Manzana Postob\u00f3n fuera refuerzo de Atl\u00e9tico Nacional. \u00bfEn cu\u00e1l posici\u00f3n jugar\u00eda y por qu\u00e9?\" aria-errormessage=\"wpforms-29-field_7-error\" required><\/textarea><\/div><div id=\"wpforms-29-field_8-container\" class=\"wpforms-field wpforms-field-checkbox\" data-field-id=\"8\"><fieldset><legend class=\"wpforms-field-label wpforms-label-hide\" aria-hidden=\"false\">Tratamiento de datos<\/legend><ul id=\"wpforms-29-field_8\"><li class=\"choice-1 depth-1\"><input type=\"checkbox\" id=\"wpforms-29-field_8_1\" name=\"wpforms[fields][8][]\" value=\"Acepto &lt;a href=&quot;\/doc\/tratamiento-de-datos-verdoalga.pdf&quot; target=&quot;_blank&quot;&gt;tratamiento de datos personales&lt;\/a&gt; conforme a la siguientes solicitud de autorizaci\u00f3n.\" aria-errormessage=\"wpforms-29-field_8_1-error\"  ><label class=\"wpforms-field-label-inline\" for=\"wpforms-29-field_8_1\">Acepto <a href=\"\/doc\/tratamiento-de-datos-verdoalga.pdf\" target=\"_blank\">tratamiento de datos personales<\/a> conforme a la siguientes solicitud de autorizaci\u00f3n.<\/label><\/li><\/ul><\/fieldset><\/div><div id=\"wpforms-29-field_9-container\" class=\"wpforms-field wpforms-field-checkbox\" data-field-id=\"9\"><fieldset><legend class=\"wpforms-field-label wpforms-label-hide\" aria-hidden=\"false\">T\u00e9rminos y condiciones<\/legend><ul id=\"wpforms-29-field_9\"><li class=\"choice-1 depth-1\"><input type=\"checkbox\" id=\"wpforms-29-field_9_1\" name=\"wpforms[fields][9][]\" value=\"Acepto los &lt;a href=&quot;\/doc\/terminos-y-condiciones-meet-and-greet-nacional.pdf&quot; target=&quot;_blank&quot;&gt;T\u00e9rminos y Condiciones&lt;\/a&gt;.\" aria-errormessage=\"wpforms-29-field_9_1-error\"  ><label class=\"wpforms-field-label-inline\" for=\"wpforms-29-field_9_1\">Acepto los <a href=\"\/doc\/terminos-y-condiciones-meet-and-greet-nacional.pdf\" target=\"_blank\">T\u00e9rminos y Condiciones<\/a>.<\/label><\/li><\/ul><\/fieldset><\/div><script>\n\t\t\t\t( function() {\n\t\t\t\t\tconst style = document.createElement( 'style' );\n\t\t\t\t\tstyle.appendChild( document.createTextNode( '#wpforms-29-field_10-container { position: absolute !important; overflow: hidden !important; display: inline !important; height: 1px !important; width: 1px !important; z-index: -1000 !important; padding: 0 !important; } #wpforms-29-field_10-container input { visibility: hidden; } #wpforms-conversational-form-page #wpforms-29-field_10-container label { counter-increment: none; }' ) );\n\t\t\t\t\tdocument.head.appendChild( style );\n\t\t\t\t\tdocument.currentScript?.remove();\n\t\t\t\t} )();\n\t\t\t<\/script><\/div><!-- .wpforms-field-container --><div class=\"wpforms-submit-container\" ><input type=\"hidden\" name=\"wpforms[id]\" value=\"29\"><input type=\"hidden\" name=\"page_title\" value=\"\"><input type=\"hidden\" name=\"page_url\" value=\"https:\/\/verdolaga.manzanapostobon.com\/index.php?rest_route=\/wp\/v2\/pages\/10\"><input type=\"hidden\" name=\"url_referer\" value=\"\"><button type=\"submit\" name=\"wpforms[submit]\" id=\"wpforms-submit-29\" class=\"wpforms-submit\" data-alt-text=\"Enviando...\" data-submit-text=\"Enviar\" aria-live=\"assertive\" value=\"wpforms-submit\">Enviar<\/button><img loading=\"lazy\" decoding=\"async\" src=\"https:\/\/verdolaga.manzanapostobon.com\/wp-content\/plugins\/wpforms\/assets\/images\/submit-spin.svg\" class=\"wpforms-submit-spinner\" style=\"display: none;\" width=\"26\" height=\"26\" alt=\"Cargando\"><\/div><\/form><\/div>  <!-- .wpforms-container --><\/div><\/div>\n\n\n\n\n\n\n\n\n\n\n\n\n\n\n\n\n\n\n\n\n\n\n\n\n\n\n\n\n\n\n\n\n\n\n\n\n\n\n\n\n\n\n\n\n\n\n","protected":false},"excerpt":{"rendered":"","protected":false},"author":1,"featured_media":0,"parent":0,"menu_order":0,"comment_status":"closed","ping_status":"closed","template":"","meta":{"inline_featured_image":false,"footnotes":""},"class_list":["post-10","page","type-page","status-publish","hentry"],"_links":{"self":[{"href":"https:\/\/verdolaga.manzanapostobon.com\/index.php?rest_route=\/wp\/v2\/pages\/10","targetHints":{"allow":["GET"]}}],"collection":[{"href":"https:\/\/verdolaga.manzanapostobon.com\/index.php?rest_route=\/wp\/v2\/pages"}],"about":[{"href":"https:\/\/verdolaga.manzanapostobon.com\/index.php?rest_route=\/wp\/v2\/types\/page"}],"author":[{"embeddable":true,"href":"https:\/\/verdolaga.manzanapostobon.com\/index.php?rest_route=\/wp\/v2\/users\/1"}],"replies":[{"embeddable":true,"href":"https:\/\/verdolaga.manzanapostobon.com\/index.php?rest_route=%2Fwp%2Fv2%2Fcomments&post=10"}],"version-history":[{"count":32,"href":"https:\/\/verdolaga.manzanapostobon.com\/index.php?rest_route=\/wp\/v2\/pages\/10\/revisions"}],"predecessor-version":[{"id":74,"href":"https:\/\/verdolaga.manzanapostobon.com\/index.php?rest_route=\/wp\/v2\/pages\/10\/revisions\/74"}],"wp:attachment":[{"href":"https:\/\/verdolaga.manzanapostobon.com\/index.php?rest_route=%2Fwp%2Fv2%2Fmedia&parent=10"}],"curies":[{"name":"wp","href":"https:\/\/api.w.org\/{rel}","templated":true}]}}